{"id":31,"date":"2017-01-08T16:08:49","date_gmt":"2017-01-08T15:08:49","guid":{"rendered":"http:\/\/serwer1890854.home.pl\/gierusz\/?page_id=31"},"modified":"2017-01-08T16:08:49","modified_gmt":"2017-01-08T15:08:49","slug":"oferta","status":"publish","type":"page","link":"https:\/\/gierusz.com.pl\/?page_id=31","title":{"rendered":"Oferta"},"content":{"rendered":"<h2>Zakres \u015bwiadczonych us\u0142ug<\/h2>\n<p>Oferujemy szeroki zakres us\u0142ug wspieraj\u0105cych dzia\u0142anie firm, na ka\u017cdym etapie ich rozwoju w nast\u0119puj\u0105cych dziedzinach:<\/p>\n<ol>\n<li>Ksi\u0119gi rachunkowe i sprawozdawczo\u015b\u0107 finansowa, w tym prowadzenie ksi\u0105g rachunkowych wg MSSF oraz sporz\u0105dzanie skonsolidowanych sprawozda\u0144 finansowych<\/li>\n<li>Prowadzenie ksi\u0105g podatkowych,<\/li>\n<li>Administrowanie kadrami i p\u0142acami,<\/li>\n<li>Rachunkowo\u015b\u0107 zarz\u0105dcza i controlling,<\/li>\n<li>Doradztwo IT,<\/li>\n<li>Pozosta\u0142e us\u0142ugi finansowo-ksi\u0119gowe np. wystawianie faktur w imieniu Klienta, wprowadzanie p\u0142atno\u015bci do systemu bankowego, rozliczanie delegacji.<\/li>\n<\/ol>\n<p>Po zawarciu umowy ka\u017cdy Klient otrzymuje:<\/p>\n<ul>\n<li>bezpo\u015bredni kontakt do dedykowanego ksi\u0119gowego i\/lub specjalisty ds. kadr i p\u0142ac,<\/li>\n<li>pakiet bezp\u0142atnych konsultacji,<\/li>\n<li>dost\u0119p online do bezp\u0142atnego programu do wystawiania faktur,<\/li>\n<li>comiesi\u0119czne zestawienie dotycz\u0105ce osi\u0105gni\u0119tego wyniku podatkowego i bilansowego z podzia\u0142em na wynik miesi\u0105ca i\u00a0narastaj\u0105co od pocz\u0105tku roku,<\/li>\n<li>alerty przypominaj\u0105ce o zbli\u017caj\u0105cych si\u0119 terminach i kwotach p\u0142atno\u015bci bud\u017cetowych (ZUS, PIT, CIT, VAT)<\/li>\n<\/ul>\n<h2>Rozpocz\u0119cie wsp\u00f3\u0142pracy<\/h2>\n<p>Wyboru optymalnego pakietu oferowanych us\u0142ug dokonujemy w oparciu o nasze do\u015bwiadczenie w\u00a0kontaktach z Klientami \u00a0i po analizie potrzeb zg\u0142aszanych przez Zleceniodawc\u0119. Zrycza\u0142towane, miesi\u0119czne wynagrodzenie wybranego pakietu zostaje ka\u017cdorazowo ustalone w trakcie indywidualnych negocjacji, jako wypadkowa:<\/p>\n<ul>\n<li>rodzaju prowadzonej ewidencji ksi\u0119gowo-podatkowej,<\/li>\n<li>skali dzia\u0142alno\u015bci,<\/li>\n<li>r\u00f3\u017cnorodno\u015bci i stopnia skomplikowania operacji gospodarczych,<\/li>\n<li>liczby os\u00f3b i formy ich zatrudnienia,<\/li>\n<li>ilo\u015bci dokument\u00f3w,<\/li>\n<li>oczekiwa\u0144 w zakresie cz\u0119stotliwo\u015bci i rodzaj\u00f3w raport\u00f3w.<\/li>\n<\/ul>\n<p>Us\u0142ugi \u015bwiadczymy w formie pe\u0142nego outsourcingu, jak te\u017c na \u017cyczenie Klienta &#8211; w Jego siedzibie, wykorzystuj\u0105c sprz\u0119t komputerowy i oprogramowanie Zleceniodawcy. W swojej pracy pos\u0142ugujemy si\u0119 systemami finansowo-ksi\u0119gowymi oraz p\u0142acowymi znanych firm tj. Comarch ERP Optima, Sage Symfonia i Ramzes, co pozwala na generowanie z\u0142o\u017conych raport\u00f3w wspomagaj\u0105cych zarz\u0105dzanie.<\/p>\n<p>Gwarantujemy ca\u0142kowit\u0105 poufno\u015b\u0107 w zakresie przekazywanych nam informacji, zar\u00f3wno w trakcie wsp\u00f3\u0142pracy, jak i po jej zako\u0144czeniu.<\/p>\n<p>&nbsp;\t\t<\/p>\n","protected":false},"excerpt":{"rendered":"<p>Zakres \u015bwiadczonych us\u0142ug Oferujemy szeroki zakres us\u0142ug wspieraj\u0105cych dzia\u0142anie firm, na ka\u017cdym etapie ich rozwoju w nast\u0119puj\u0105cych dziedzinach: Ksi\u0119gi rachunkowe i sprawozdawczo\u015b\u0107 finansowa, w tym prowadzenie ksi\u0105g rachunkowych wg MSSF oraz sporz\u0105dzanie skonsolidowanych sprawozda\u0144 finansowych Prowadzenie ksi\u0105g podatkowych, Administrowanie kadrami i p\u0142acami, Rachunkowo\u015b\u0107 zarz\u0105dcza i controlling, Doradztwo IT, Pozosta\u0142e us\u0142ugi finansowo-ksi\u0119gowe np. wystawianie faktur w [&hellip;]<\/p>\n","protected":false},"author":1,"featured_media":0,"parent":0,"menu_order":0,"comment_status":"closed","ping_status":"closed","template":"","meta":{"footnotes":""},"class_list":["post-31","page","type-page","status-publish","hentry","post"],"_links":{"self":[{"href":"https:\/\/gierusz.com.pl\/index.php?rest_route=\/wp\/v2\/pages\/31","targetHints":{"allow":["GET"]}}],"collection":[{"href":"https:\/\/gierusz.com.pl\/index.php?rest_route=\/wp\/v2\/pages"}],"about":[{"href":"https:\/\/gierusz.com.pl\/index.php?rest_route=\/wp\/v2\/types\/page"}],"author":[{"embeddable":true,"href":"https:\/\/gierusz.com.pl\/index.php?rest_route=\/wp\/v2\/users\/1"}],"replies":[{"embeddable":true,"href":"https:\/\/gierusz.com.pl\/index.php?rest_route=%2Fwp%2Fv2%2Fcomments&post=31"}],"version-history":[{"count":0,"href":"https:\/\/gierusz.com.pl\/index.php?rest_route=\/wp\/v2\/pages\/31\/revisions"}],"wp:attachment":[{"href":"https:\/\/gierusz.com.pl\/index.php?rest_route=%2Fwp%2Fv2%2Fmedia&parent=31"}],"curies":[{"name":"wp","href":"https:\/\/api.w.org\/{rel}","templated":true}]}}