{"id":24,"date":"2017-01-08T15:29:15","date_gmt":"2017-01-08T14:29:15","guid":{"rendered":"http:\/\/serwer1890854.home.pl\/gierusz\/?page_id=24"},"modified":"2017-01-08T15:29:15","modified_gmt":"2017-01-08T14:29:15","slug":"o-firmie","status":"publish","type":"page","link":"https:\/\/gierusz.com.pl\/?page_id=24","title":{"rendered":"O firmie"},"content":{"rendered":"<p style=\"text-align: justify;\"><em>Gierusz i wsp\u00f3lnicy biuro rachunkowe sp. z o.o.<\/em> dzia\u0142a na rynku od 2008 roku. Przez ten czas wypracowali\u015bmy procedury gwarantuj\u0105ce rzeteln\u0105 obs\u0142ug\u0119 ksi\u0119gow\u0105, podatkow\u0105 i kadrowo-p\u0142acow\u0105. Jeste\u015bmy firm\u0105 zorientowan\u0105 na Klienta, dlatego te\u017c indywidualnie dopasowujemy nasze us\u0142ugi do Jego potrzeb, zakresu i charakteru aktywno\u015bci oraz zwi\u0105zanego z tym ryzyka. Obs\u0142ugujemy podmioty funkcjonuj\u0105ce w dowolnej formie organizacyjnej i o zr\u00f3\u017cnicowanym profilu dzia\u0142alno\u015bci. Mamy do\u015bwiadczenie w obs\u0142udze firm z bran\u017cy offshore, spedycja i transport, farmaceutycznej, budowlanej oraz sklep\u00f3w internetowych. Bezpo\u015brednie kontakty z Klientem, tak\u017ce w Jego siedzibie, s\u0105 dla nas cennym \u017ar\u00f3d\u0142em informacji o procesach gospodarczych zachodz\u0105cych w podmiocie, z kt\u00f3rym wsp\u00f3\u0142pracujemy. Dzi\u0119ki temu mo\u017cemy przeciwdzia\u0142a\u0107 powstawaniu nieprawid\u0142owo\u015bci, a poprzez poznanie strategii firmy proponowa\u0107 rozwi\u0105zania gwarantuj\u0105ce realizacj\u0119 wyznaczonych cel\u00f3w. Relacje z naszymi Klientami opieramy na partnerstwie, wzajemnym zaufaniu i pe\u0142nej dyskrecji.<\/p>\n<table style=\"max-width: 620px !important; border: 0px !important; margin-left: auto; margin-right: auto;\" border=\"0\" cellspacing=\"1\" cellpadding=\"1\" align=\"center\">\n<tbody>\n<tr>\n<td><a href=\"http:\/\/serwer1890854.home.pl\/gierusz\/wp-content\/uploads\/image\/dyplomy\/dyplom4.jpg\" target=\"_blank\" rel=\"noopener\"><img loading=\"lazy\" decoding=\"async\" src=\"http:\/\/serwer1890854.home.pl\/gierusz\/wp-content\/uploads\/image\/dyplomy\/dyplom4.jpg\" alt=\"\" width=\"123\" height=\"150\" \/><\/a><\/td>\n<td><a href=\"http:\/\/serwer1890854.home.pl\/gierusz\/wp-content\/uploads\/image\/dyplomy\/dyplom5.jpg\" target=\"_blank\" rel=\"noopener\"><img loading=\"lazy\" decoding=\"async\" src=\"http:\/\/serwer1890854.home.pl\/gierusz\/wp-content\/uploads\/image\/dyplomy\/t_dyplom5.jpg\" alt=\"\" width=\"197\" height=\"150\" \/><\/a><\/td>\n<td><a href=\"http:\/\/serwer1890854.home.pl\/gierusz\/wp-content\/uploads\/image\/dyplomy\/dyplom6.jpg\" target=\"_blank\" rel=\"noopener\"><img loading=\"lazy\" decoding=\"async\" src=\"http:\/\/serwer1890854.home.pl\/gierusz\/wp-content\/uploads\/image\/dyplomy\/t_dyplom6.jpg\" alt=\"\" width=\"123\" height=\"150\" \/><\/a><\/td>\n<td><a href=\"http:\/\/serwer1890854.home.pl\/gierusz\/wp-content\/uploads\/image\/dyplomy\/dyplom7.jpg\" target=\"_blank\" rel=\"noopener\"><img loading=\"lazy\" decoding=\"async\" src=\"http:\/\/serwer1890854.home.pl\/gierusz\/wp-content\/uploads\/image\/dyplomy\/t_dyplom7.jpg\" alt=\"\" width=\"106\" height=\"150\" \/><\/a><\/td>\n<\/tr>\n<\/tbody>\n<\/table>\n<p style=\"text-align: justify;\"><em>Gierusz i wsp\u00f3lnicy biuro rachunkowe Sp. z o.o. to:<\/em><\/p>\n<ul style=\"text-align: justify;\">\n<li>zesp\u00f3\u0142 posiadaj\u0105cy certyfikaty Ministerstwa Finans\u00f3w na us\u0142ugowe prowadzenie ksi\u0105g rachunkowych,<\/li>\n<li>zarz\u0105d posiadaj\u0105cy tytu\u0142 certyfikowanego eksperta us\u0142ug ksi\u0119gowych wydawany przez Stowarzyszenie Ksi\u0119gowych w Polsce,<\/li>\n<li>ubezpieczenie od odpowiedzialno\u015bci cywilnej z tytu\u0142u charakteru \u015bwiadczonych us\u0142ug,<\/li>\n<li>sygnatariusz kodeksu zawodowej etyki w rachunkowo\u015bci,<\/li>\n<li>oprogramowanie komputerowe zgodne z warunkami art. 20 ust. 5 ustawy o rachunkowo\u015bci,<\/li>\n<li>kapita\u0142 zak\u0142adowy 100 000 PLN<\/li>\n<\/ul>\n<p style=\"text-align: justify;\">Tym samym spe\u0142niamy wszystkie wymogi formalno-prawne konieczne do bezpiecznej realizacji oferowanych us\u0142ug.<\/p>\n","protected":false},"excerpt":{"rendered":"<p>Gierusz i wsp\u00f3lnicy biuro rachunkowe sp. z o.o. dzia\u0142a na rynku od 2008 roku. Przez ten czas wypracowali\u015bmy procedury gwarantuj\u0105ce rzeteln\u0105 obs\u0142ug\u0119 ksi\u0119gow\u0105, podatkow\u0105 i kadrowo-p\u0142acow\u0105. Jeste\u015bmy firm\u0105 zorientowan\u0105 na Klienta, dlatego te\u017c indywidualnie dopasowujemy nasze us\u0142ugi do Jego potrzeb, zakresu i charakteru aktywno\u015bci oraz zwi\u0105zanego z tym ryzyka. Obs\u0142ugujemy podmioty funkcjonuj\u0105ce w dowolnej formie [&hellip;]<\/p>\n","protected":false},"author":1,"featured_media":0,"parent":0,"menu_order":0,"comment_status":"closed","ping_status":"closed","template":"","meta":{"footnotes":""},"class_list":["post-24","page","type-page","status-publish","hentry","post"],"_links":{"self":[{"href":"https:\/\/gierusz.com.pl\/index.php?rest_route=\/wp\/v2\/pages\/24","targetHints":{"allow":["GET"]}}],"collection":[{"href":"https:\/\/gierusz.com.pl\/index.php?rest_route=\/wp\/v2\/pages"}],"about":[{"href":"https:\/\/gierusz.com.pl\/index.php?rest_route=\/wp\/v2\/types\/page"}],"author":[{"embeddable":true,"href":"https:\/\/gierusz.com.pl\/index.php?rest_route=\/wp\/v2\/users\/1"}],"replies":[{"embeddable":true,"href":"https:\/\/gierusz.com.pl\/index.php?rest_route=%2Fwp%2Fv2%2Fcomments&post=24"}],"version-history":[{"count":0,"href":"https:\/\/gierusz.com.pl\/index.php?rest_route=\/wp\/v2\/pages\/24\/revisions"}],"wp:attachment":[{"href":"https:\/\/gierusz.com.pl\/index.php?rest_route=%2Fwp%2Fv2%2Fmedia&parent=24"}],"curies":[{"name":"wp","href":"https:\/\/api.w.org\/{rel}","templated":true}]}}