{"id":226,"date":"2018-04-15T13:08:36","date_gmt":"2018-04-15T11:08:36","guid":{"rendered":"http:\/\/serwer1890854.home.pl\/gierusz\/?page_id=226"},"modified":"2018-04-15T13:08:36","modified_gmt":"2018-04-15T11:08:36","slug":"kontakt","status":"publish","type":"page","link":"https:\/\/gierusz.com.pl\/?page_id=226","title":{"rendered":"Kontakt"},"content":{"rendered":"<div id=\"pl-226\"  class=\"panel-layout\" >\n<div id=\"pg-226-0\"  class=\"panel-grid panel-no-style\"  data-style=\"{&quot;background_image_attachment&quot;:false,&quot;background_display&quot;:&quot;tile&quot;,&quot;cell_alignment&quot;:&quot;flex-start&quot;}\"  data-ratio=\"1\"  data-ratio-direction=\"right\" >\n<div id=\"pgc-226-0-0\"  class=\"panel-grid-cell\"  data-style=\"{&quot;background_display&quot;:&quot;tile&quot;,&quot;vertical_alignment&quot;:&quot;auto&quot;}\"  data-weight=\"0.5\" >\n<div id=\"panel-226-0-0-0\" class=\"so-panel widget widget_sow-google-map panel-first-child panel-last-child\" data-index=\"0\" data-style=\"{&quot;background_image_attachment&quot;:false,&quot;background_display&quot;:&quot;tile&quot;}\" ><div\n\t\t\t\n\t\t\tclass=\"so-widget-sow-google-map so-widget-sow-google-map-default-873fc5f91d14\"\n\t\t\t\n\t\t>\n<div class=\"sow-google-map-canvas\"\n\tstyle=\"\"\n\tid=\"map-canvas-edff9603b89cb989c9fcba8fe1530efe\"\n\tdata-options=\"{&quot;address&quot;:&quot;Gierusz i wsp\\u00f3lnicy biuro rachunkowe Sp. z o.o., Armii Krajowej, Sopot&quot;,&quot;zoom&quot;:&quot;15&quot;,&quot;mobileZoom&quot;:&quot;15&quot;,&quot;gestureHandling&quot;:&quot;cooperative&quot;,&quot;disableUi&quot;:&quot;&quot;,&quot;markerIcon&quot;:&quot;&quot;,&quot;markersDraggable&quot;:&quot;&quot;,&quot;markerAtCenter&quot;:true,&quot;markerInfoDisplay&quot;:&quot;click&quot;,&quot;markerInfoMultiple&quot;:&quot;1&quot;,&quot;markerPositions&quot;:&quot;&quot;,&quot;mapName&quot;:&quot;&quot;,&quot;mapStyles&quot;:&quot;&quot;,&quot;directions&quot;:&quot;&quot;,&quot;apiKey&quot;:&quot;AIzaSyAphvbcpAZwTDJ7EObGy6BLJhkurQ4I17Y&quot;,&quot;breakpoint&quot;:780}\"\n\tdata-fallback-image=\"{&quot;img&quot;:&quot;&quot;}\"><\/div>\n<\/div><\/div>\n<\/div>\n<div id=\"pgc-226-0-1\"  class=\"panel-grid-cell\"  data-weight=\"0.5\" >\n<div id=\"panel-226-0-1-0\" class=\"so-panel widget widget_sow-editor panel-first-child panel-last-child\" data-index=\"1\" data-style=\"{&quot;background_image_attachment&quot;:false,&quot;background_display&quot;:&quot;tile&quot;}\" >\n<div class=\"so-widget-sow-editor so-widget-sow-editor-base\">\n<div class=\"siteorigin-widget-tinymce textwidget\">\n<table border=\"0\" width=\"677\" cellspacing=\"1\" cellpadding=\"1\">\n<tbody>\n<tr>\n<td align=\"center\" valign=\"top\"><\/td>\n<td><strong>Gierusz i wsp\u00f3lnicy biuro rachunkowe Sp. z o.o.<\/strong><br \/>\nul. Armii Krajowej 116\/15 81-824 Sopot<span style=\"background-color: yellow;\"><br \/>\n<\/span><\/p>\n<p>tel. (58) 710-51-22<br \/>\ne-mail <a href=\"mailto:biuro@gierusz.com.pl\">biuro@gierusz.com.pl<\/a><\/p>\n<p>NIP: 585-144-55-55<br \/>\nREGON: 220715504<br \/>\nKRS: 0000320484<br \/>\nS\u0105d Rejonowy Gda\u0144sk-P\u00f3\u0142noc w Gda\u0144sku<br \/>\nVIII Wydzia\u0142 Gospodarczy Krajowego Rejestru S\u0105dowego<br \/>\nKapita\u0142 zak\u0142adowy 100 000 PLN<\/td>\n<\/tr>\n<\/tbody>\n<\/table>\n<\/div>\n<\/div>\n<\/div>\n<\/div>\n<\/div>\n<\/div>\n","protected":false},"excerpt":{"rendered":"<p>Gierusz i wsp\u00f3lnicy biuro rachunkowe Sp. z o.o. ul. Armii Krajowej 116\/15 81-824 Sopot tel. (58) 710-51-22 e-mail biuro@gierusz.com.pl NIP: 585-144-55-55 REGON: 220715504 KRS: 0000320484 S\u0105d Rejonowy Gda\u0144sk-P\u00f3\u0142noc w Gda\u0144sku VIII Wydzia\u0142 Gospodarczy Krajowego Rejestru S\u0105dowego Kapita\u0142 zak\u0142adowy 100 000 PLN<\/p>\n","protected":false},"author":1,"featured_media":0,"parent":0,"menu_order":0,"comment_status":"closed","ping_status":"closed","template":"","meta":{"footnotes":""},"class_list":["post-226","page","type-page","status-publish","hentry","post"],"_links":{"self":[{"href":"https:\/\/gierusz.com.pl\/index.php?rest_route=\/wp\/v2\/pages\/226","targetHints":{"allow":["GET"]}}],"collection":[{"href":"https:\/\/gierusz.com.pl\/index.php?rest_route=\/wp\/v2\/pages"}],"about":[{"href":"https:\/\/gierusz.com.pl\/index.php?rest_route=\/wp\/v2\/types\/page"}],"author":[{"embeddable":true,"href":"https:\/\/gierusz.com.pl\/index.php?rest_route=\/wp\/v2\/users\/1"}],"replies":[{"embeddable":true,"href":"https:\/\/gierusz.com.pl\/index.php?rest_route=%2Fwp%2Fv2%2Fcomments&post=226"}],"version-history":[{"count":0,"href":"https:\/\/gierusz.com.pl\/index.php?rest_route=\/wp\/v2\/pages\/226\/revisions"}],"wp:attachment":[{"href":"https:\/\/gierusz.com.pl\/index.php?rest_route=%2Fwp%2Fv2%2Fmedia&parent=226"}],"curies":[{"name":"wp","href":"https:\/\/api.w.org\/{rel}","templated":true}]}}