{"id":15,"date":"2017-01-08T11:32:20","date_gmt":"2017-01-08T10:32:20","guid":{"rendered":"http:\/\/serwer1890854.home.pl\/gierusz\/?page_id=15"},"modified":"2017-01-08T11:32:20","modified_gmt":"2017-01-08T10:32:20","slug":"wstepniak","status":"publish","type":"page","link":"https:\/\/gierusz.com.pl\/","title":{"rendered":"Wst\u0119pniak"},"content":{"rendered":"<div id=\"pl-15\"  class=\"panel-layout\" >\n<div id=\"pg-15-0\"  class=\"panel-grid panel-no-style\" >\n<div id=\"pgc-15-0-0\"  class=\"panel-grid-cell\"  data-weight=\"1\" >\n<div id=\"panel-15-0-0-0\" class=\"so-panel widget widget_sow-editor panel-first-child panel-last-child\" data-index=\"0\" data-style=\"{&quot;background_image_attachment&quot;:false,&quot;background_display&quot;:&quot;tile&quot;}\" >\n<div class=\"so-widget-sow-editor so-widget-sow-editor-base\">\n<div class=\"siteorigin-widget-tinymce textwidget\">\n<p style=\"text-align: justify;\">Witamy na stronie internetowej <em>Gierusz i wsp\u00f3lnicy biuro rachunkowe Sp. z o.o.<\/em><\/p>\n<p>Nasz\u0105 ofert\u0119 kierujemy do polskich i zagranicznych firm poszukuj\u0105cych profesjonalnej obs\u0142ugi rachunkowo-podatkowej i kadrowo-p\u0142acowej. Gwarantujemy pe\u0142ne bezpiecze\u0144stwo przekazywanych nam informacji handlowych.<\/p>\n<p>Dzi\u0119ki przestrzeganiu przez nasz zesp\u00f3\u0142 zasad etyki zawodu ksi\u0119gowego oraz wykorzystaniu zintegrowanego oprogramowania jeste\u015bmy w stanie zapewni\u0107 Pa\u0144stwu us\u0142ugi na najwy\u017cszym poziomie.<\/p>\n<p>Stawiamy na dyskrecj\u0119, terminowo\u015b\u0107 i jako\u015b\u0107.<\/p>\n<p>Zapraszamy serdecznie do zapoznania si\u0119 z ofert\u0105 i skorzystania z naszych us\u0142ug.<\/p><\/div>\n<\/div>\n<\/div>\n<\/div>\n<\/div>\n<\/div>\n","protected":false},"excerpt":{"rendered":"<p>Witamy na stronie internetowej Gierusz i wsp\u00f3lnicy biuro rachunkowe Sp. z o.o. Nasz\u0105 ofert\u0119 kierujemy do polskich i zagranicznych firm poszukuj\u0105cych profesjonalnej obs\u0142ugi rachunkowo-podatkowej i kadrowo-p\u0142acowej. Gwarantujemy pe\u0142ne bezpiecze\u0144stwo przekazywanych nam informacji handlowych. Dzi\u0119ki przestrzeganiu przez nasz zesp\u00f3\u0142 zasad etyki zawodu ksi\u0119gowego oraz wykorzystaniu zintegrowanego oprogramowania jeste\u015bmy w stanie zapewni\u0107 Pa\u0144stwu us\u0142ugi na najwy\u017cszym poziomie. [&hellip;]<\/p>\n","protected":false},"author":1,"featured_media":0,"parent":0,"menu_order":0,"comment_status":"closed","ping_status":"closed","template":"","meta":{"footnotes":""},"class_list":["post-15","page","type-page","status-publish","hentry","post"],"_links":{"self":[{"href":"https:\/\/gierusz.com.pl\/index.php?rest_route=\/wp\/v2\/pages\/15","targetHints":{"allow":["GET"]}}],"collection":[{"href":"https:\/\/gierusz.com.pl\/index.php?rest_route=\/wp\/v2\/pages"}],"about":[{"href":"https:\/\/gierusz.com.pl\/index.php?rest_route=\/wp\/v2\/types\/page"}],"author":[{"embeddable":true,"href":"https:\/\/gierusz.com.pl\/index.php?rest_route=\/wp\/v2\/users\/1"}],"replies":[{"embeddable":true,"href":"https:\/\/gierusz.com.pl\/index.php?rest_route=%2Fwp%2Fv2%2Fcomments&post=15"}],"version-history":[{"count":0,"href":"https:\/\/gierusz.com.pl\/index.php?rest_route=\/wp\/v2\/pages\/15\/revisions"}],"wp:attachment":[{"href":"https:\/\/gierusz.com.pl\/index.php?rest_route=%2Fwp%2Fv2%2Fmedia&parent=15"}],"curies":[{"name":"wp","href":"https:\/\/api.w.org\/{rel}","templated":true}]}}